{"id":122,"date":"2015-05-21T13:44:49","date_gmt":"2015-05-21T13:44:49","guid":{"rendered":"http:\/\/kuhn.ca041.calcit.fastwebserver.de\/?page_id=122"},"modified":"2015-09-24T11:40:59","modified_gmt":"2015-09-24T11:40:59","slug":"zuverlaessigkeitterminzusage","status":"publish","type":"page","link":"https:\/\/www.steuerkanzlei-kuhn.de\/index.php\/service-versprechen\/zuverlaessigkeitterminzusage\/","title":{"rendered":"Zuverl\u00e4ssigkeit\/Terminzusage"},"content":{"rendered":"<p>Die fristgerechte Abgabe Ihrer Steuererkl\u00e4rungen und Umsatzsteuervoranmeldungen garantieren wir Ihnen.<\/p>\n<p>Unn\u00f6tige Versp\u00e4tunszuschl\u00e4ge des Finanzamtes geh\u00f6ren damit der Vergangenheit an.<\/p>\n<p>Vorausgesetzt nat\u00fcrlich Sie reichen uns Ihre Unterlagen\u00a0 rechtzeitig ein.<\/p>\n<p>Sagen wir Ihnen einen Termin verbindlich zu, halten wir diesen ein.<\/p>\n","protected":false},"excerpt":{"rendered":"<p>Die fristgerechte Abgabe Ihrer Steuererkl\u00e4rungen und Umsatzsteuervoranmeldungen garantieren wir Ihnen. Unn\u00f6tige Versp\u00e4tunszuschl\u00e4ge des Finanzamtes geh\u00f6ren damit der Vergangenheit an. Vorausgesetzt nat\u00fcrlich Sie reichen uns Ihre Unterlagen\u00a0 rechtzeitig ein. Sagen wir.. <a href=\"https:\/\/www.steuerkanzlei-kuhn.de\/index.php\/service-versprechen\/zuverlaessigkeitterminzusage\/\" class=\"readmore\">read more<\/a><\/p>\n","protected":false},"author":1,"featured_media":0,"parent":26,"menu_order":0,"comment_status":"open","ping_status":"closed","template":"","meta":{"footnotes":""},"aioseo_notices":[],"_links":{"self":[{"href":"https:\/\/www.steuerkanzlei-kuhn.de\/index.php\/wp-json\/wp\/v2\/pages\/122"}],"collection":[{"href":"https:\/\/www.steuerkanzlei-kuhn.de\/index.php\/wp-json\/wp\/v2\/pages"}],"about":[{"href":"https:\/\/www.steuerkanzlei-kuhn.de\/index.php\/wp-json\/wp\/v2\/types\/page"}],"author":[{"embeddable":true,"href":"https:\/\/www.steuerkanzlei-kuhn.de\/index.php\/wp-json\/wp\/v2\/users\/1"}],"replies":[{"embeddable":true,"href":"https:\/\/www.steuerkanzlei-kuhn.de\/index.php\/wp-json\/wp\/v2\/comments?post=122"}],"version-history":[{"count":4,"href":"https:\/\/www.steuerkanzlei-kuhn.de\/index.php\/wp-json\/wp\/v2\/pages\/122\/revisions"}],"predecessor-version":[{"id":499,"href":"https:\/\/www.steuerkanzlei-kuhn.de\/index.php\/wp-json\/wp\/v2\/pages\/122\/revisions\/499"}],"up":[{"embeddable":true,"href":"https:\/\/www.steuerkanzlei-kuhn.de\/index.php\/wp-json\/wp\/v2\/pages\/26"}],"wp:attachment":[{"href":"https:\/\/www.steuerkanzlei-kuhn.de\/index.php\/wp-json\/wp\/v2\/media?parent=122"}],"curies":[{"name":"wp","href":"https:\/\/api.w.org\/{rel}","templated":true}]}}