{"id":126,"date":"2015-05-21T13:45:15","date_gmt":"2015-05-21T13:45:15","guid":{"rendered":"http:\/\/kuhn.ca041.calcit.fastwebserver.de\/?page_id=126"},"modified":"2015-09-24T11:41:36","modified_gmt":"2015-09-24T11:41:36","slug":"24-std-rueckruf","status":"publish","type":"page","link":"https:\/\/www.steuerkanzlei-kuhn.de\/index.php\/service-versprechen\/24-std-rueckruf\/","title":{"rendered":"R\u00fcckruf innerhalb 4 Stunden"},"content":{"rendered":"<p>Sie haben eine wichtige Frage, die Sie gerade besch\u00e4ftigt aber nicht bis morgen warten kann?<\/p>\n<p>Ihr Steuerberater oder Ihr pers\u00f6nlicher Ansprechpartner ist jedoch gerade in einem Gespr\u00e4chstermin.<\/p>\n<p>Wir rufen Sie gerne zur\u00fcck, schnellstm\u00f6glich und das garantiert innerhalb von maximal 4 Std.<\/p>\n<hr \/>\n<p>&nbsp;<\/p>\n<p>&nbsp;<\/p>\n<p>&nbsp;<\/p>\n","protected":false},"excerpt":{"rendered":"<p>Sie haben eine wichtige Frage, die Sie gerade besch\u00e4ftigt aber nicht bis morgen warten kann? Ihr Steuerberater oder Ihr pers\u00f6nlicher Ansprechpartner ist jedoch gerade in einem Gespr\u00e4chstermin. Wir rufen Sie.. <a href=\"https:\/\/www.steuerkanzlei-kuhn.de\/index.php\/service-versprechen\/24-std-rueckruf\/\" class=\"readmore\">read more<\/a><\/p>\n","protected":false},"author":1,"featured_media":0,"parent":26,"menu_order":0,"comment_status":"open","ping_status":"closed","template":"","meta":{"footnotes":""},"aioseo_notices":[],"_links":{"self":[{"href":"https:\/\/www.steuerkanzlei-kuhn.de\/index.php\/wp-json\/wp\/v2\/pages\/126"}],"collection":[{"href":"https:\/\/www.steuerkanzlei-kuhn.de\/index.php\/wp-json\/wp\/v2\/pages"}],"about":[{"href":"https:\/\/www.steuerkanzlei-kuhn.de\/index.php\/wp-json\/wp\/v2\/types\/page"}],"author":[{"embeddable":true,"href":"https:\/\/www.steuerkanzlei-kuhn.de\/index.php\/wp-json\/wp\/v2\/users\/1"}],"replies":[{"embeddable":true,"href":"https:\/\/www.steuerkanzlei-kuhn.de\/index.php\/wp-json\/wp\/v2\/comments?post=126"}],"version-history":[{"count":7,"href":"https:\/\/www.steuerkanzlei-kuhn.de\/index.php\/wp-json\/wp\/v2\/pages\/126\/revisions"}],"predecessor-version":[{"id":326,"href":"https:\/\/www.steuerkanzlei-kuhn.de\/index.php\/wp-json\/wp\/v2\/pages\/126\/revisions\/326"}],"up":[{"embeddable":true,"href":"https:\/\/www.steuerkanzlei-kuhn.de\/index.php\/wp-json\/wp\/v2\/pages\/26"}],"wp:attachment":[{"href":"https:\/\/www.steuerkanzlei-kuhn.de\/index.php\/wp-json\/wp\/v2\/media?parent=126"}],"curies":[{"name":"wp","href":"https:\/\/api.w.org\/{rel}","templated":true}]}}