{"id":128,"date":"2015-05-21T13:45:26","date_gmt":"2015-05-21T13:45:26","guid":{"rendered":"http:\/\/kuhn.ca041.calcit.fastwebserver.de\/?page_id=128"},"modified":"2015-09-24T11:41:51","modified_gmt":"2015-09-24T11:41:51","slug":"notfalltelefon","status":"publish","type":"page","link":"https:\/\/www.steuerkanzlei-kuhn.de\/index.php\/service-versprechen\/notfalltelefon\/","title":{"rendered":"Notfalltelefon"},"content":{"rendered":"<p>Sie brauchen dringenden steuerlichen Beistand au\u00dferhalb unserer Gesch\u00e4ftszeiten? Steht zum Beispiel die Steuerfahndung vor der T\u00fcr?<\/p>\n<p>Dann scheuen Sie sich nicht und w\u00e4hlen Sie unsere Notfallrufnummer 0157\/39499048. Hier erhalten Sie auch au\u00dferhalb unserer Gesch\u00e4ftszeiten kompetenten Rat einer unserer Steuerberater.<\/p>\n","protected":false},"excerpt":{"rendered":"<p>Sie brauchen dringenden steuerlichen Beistand au\u00dferhalb unserer Gesch\u00e4ftszeiten? Steht zum Beispiel die Steuerfahndung vor der T\u00fcr? Dann scheuen Sie sich nicht und w\u00e4hlen Sie unsere Notfallrufnummer 0157\/39499048. Hier erhalten Sie.. <a href=\"https:\/\/www.steuerkanzlei-kuhn.de\/index.php\/service-versprechen\/notfalltelefon\/\" class=\"readmore\">read more<\/a><\/p>\n","protected":false},"author":1,"featured_media":0,"parent":26,"menu_order":0,"comment_status":"open","ping_status":"closed","template":"","meta":{"footnotes":""},"aioseo_notices":[],"_links":{"self":[{"href":"https:\/\/www.steuerkanzlei-kuhn.de\/index.php\/wp-json\/wp\/v2\/pages\/128"}],"collection":[{"href":"https:\/\/www.steuerkanzlei-kuhn.de\/index.php\/wp-json\/wp\/v2\/pages"}],"about":[{"href":"https:\/\/www.steuerkanzlei-kuhn.de\/index.php\/wp-json\/wp\/v2\/types\/page"}],"author":[{"embeddable":true,"href":"https:\/\/www.steuerkanzlei-kuhn.de\/index.php\/wp-json\/wp\/v2\/users\/1"}],"replies":[{"embeddable":true,"href":"https:\/\/www.steuerkanzlei-kuhn.de\/index.php\/wp-json\/wp\/v2\/comments?post=128"}],"version-history":[{"count":3,"href":"https:\/\/www.steuerkanzlei-kuhn.de\/index.php\/wp-json\/wp\/v2\/pages\/128\/revisions"}],"predecessor-version":[{"id":328,"href":"https:\/\/www.steuerkanzlei-kuhn.de\/index.php\/wp-json\/wp\/v2\/pages\/128\/revisions\/328"}],"up":[{"embeddable":true,"href":"https:\/\/www.steuerkanzlei-kuhn.de\/index.php\/wp-json\/wp\/v2\/pages\/26"}],"wp:attachment":[{"href":"https:\/\/www.steuerkanzlei-kuhn.de\/index.php\/wp-json\/wp\/v2\/media?parent=128"}],"curies":[{"name":"wp","href":"https:\/\/api.w.org\/{rel}","templated":true}]}}