{"id":130,"date":"2015-05-21T13:45:38","date_gmt":"2015-05-21T13:45:38","guid":{"rendered":"http:\/\/kuhn.ca041.calcit.fastwebserver.de\/?page_id=130"},"modified":"2015-09-24T11:42:03","modified_gmt":"2015-09-24T11:42:03","slug":"stets-aktuell","status":"publish","type":"page","link":"https:\/\/www.steuerkanzlei-kuhn.de\/index.php\/service-versprechen\/stets-aktuell\/","title":{"rendered":"Stets Aktuell"},"content":{"rendered":"<p>Das Steuerrecht ist stetig im Wandel.<\/p>\n<p>Darum bilden wir uns f\u00fcr Sie st\u00e4ndig fort und halten Sie auf dem Laufenden.<\/p>\n<p>Sollte eine Rechtsprechung\u00e4nderung Sie pers\u00f6nlich betreffen oder ein neues Gesetz Handlungsbedarf bei Ihnen ausl\u00f6sen sprechen wir Sie hierauf an und nicht Sie uns!<\/p>\n","protected":false},"excerpt":{"rendered":"<p>Das Steuerrecht ist stetig im Wandel. Darum bilden wir uns f\u00fcr Sie st\u00e4ndig fort und halten Sie auf dem Laufenden. Sollte eine Rechtsprechung\u00e4nderung Sie pers\u00f6nlich betreffen oder ein neues Gesetz.. <a href=\"https:\/\/www.steuerkanzlei-kuhn.de\/index.php\/service-versprechen\/stets-aktuell\/\" class=\"readmore\">read more<\/a><\/p>\n","protected":false},"author":1,"featured_media":0,"parent":26,"menu_order":0,"comment_status":"open","ping_status":"closed","template":"","meta":{"footnotes":""},"aioseo_notices":[],"_links":{"self":[{"href":"https:\/\/www.steuerkanzlei-kuhn.de\/index.php\/wp-json\/wp\/v2\/pages\/130"}],"collection":[{"href":"https:\/\/www.steuerkanzlei-kuhn.de\/index.php\/wp-json\/wp\/v2\/pages"}],"about":[{"href":"https:\/\/www.steuerkanzlei-kuhn.de\/index.php\/wp-json\/wp\/v2\/types\/page"}],"author":[{"embeddable":true,"href":"https:\/\/www.steuerkanzlei-kuhn.de\/index.php\/wp-json\/wp\/v2\/users\/1"}],"replies":[{"embeddable":true,"href":"https:\/\/www.steuerkanzlei-kuhn.de\/index.php\/wp-json\/wp\/v2\/comments?post=130"}],"version-history":[{"count":3,"href":"https:\/\/www.steuerkanzlei-kuhn.de\/index.php\/wp-json\/wp\/v2\/pages\/130\/revisions"}],"predecessor-version":[{"id":330,"href":"https:\/\/www.steuerkanzlei-kuhn.de\/index.php\/wp-json\/wp\/v2\/pages\/130\/revisions\/330"}],"up":[{"embeddable":true,"href":"https:\/\/www.steuerkanzlei-kuhn.de\/index.php\/wp-json\/wp\/v2\/pages\/26"}],"wp:attachment":[{"href":"https:\/\/www.steuerkanzlei-kuhn.de\/index.php\/wp-json\/wp\/v2\/media?parent=130"}],"curies":[{"name":"wp","href":"https:\/\/api.w.org\/{rel}","templated":true}]}}