{"id":132,"date":"2015-05-21T13:45:48","date_gmt":"2015-05-21T13:45:48","guid":{"rendered":"http:\/\/kuhn.ca041.calcit.fastwebserver.de\/?page_id=132"},"modified":"2015-09-24T11:42:18","modified_gmt":"2015-09-24T11:42:18","slug":"unverbindliches-kennenlerngespraech","status":"publish","type":"page","link":"https:\/\/www.steuerkanzlei-kuhn.de\/index.php\/service-versprechen\/unverbindliches-kennenlerngespraech\/","title":{"rendered":"Unverbindliches Kennenlerngespr\u00e4ch"},"content":{"rendered":"<blockquote><p>Steuerberatung ist Vertrauenssache.<\/p><\/blockquote>\n<p style=\"text-align: left;\">Bei uns stehen Sie im Mittelpunkt. Wir h\u00f6ren Ihnen zu und finden individuelle L\u00f6sungen f\u00fcr Sie.<\/p>\n<p>Vertrauen entsteht im pers\u00f6nlichen Kontakt &#8211; nutzen Sie die Chance und vereinbaren Sie mit uns ein unverbindliches und kostenloses Kennenlerngespr\u00e4ch.<\/p>\n<p>Rufen Sie uns an (06235\/7061) oder schreiben Sie uns eine <a href=\"mailto: info@steuerkanzlei-kuhn.de\">E-Mail<\/a>.<\/p>\n<hr \/>\n<p>&nbsp;<\/p>\n<p>&nbsp;<\/p>\n","protected":false},"excerpt":{"rendered":"<p>Steuerberatung ist Vertrauenssache. Bei uns stehen Sie im Mittelpunkt. Wir h\u00f6ren Ihnen zu und finden individuelle L\u00f6sungen f\u00fcr Sie. Vertrauen entsteht im pers\u00f6nlichen Kontakt &#8211; nutzen Sie die Chance und.. <a href=\"https:\/\/www.steuerkanzlei-kuhn.de\/index.php\/service-versprechen\/unverbindliches-kennenlerngespraech\/\" class=\"readmore\">read more<\/a><\/p>\n","protected":false},"author":1,"featured_media":0,"parent":26,"menu_order":0,"comment_status":"open","ping_status":"closed","template":"","meta":{"footnotes":""},"aioseo_notices":[],"_links":{"self":[{"href":"https:\/\/www.steuerkanzlei-kuhn.de\/index.php\/wp-json\/wp\/v2\/pages\/132"}],"collection":[{"href":"https:\/\/www.steuerkanzlei-kuhn.de\/index.php\/wp-json\/wp\/v2\/pages"}],"about":[{"href":"https:\/\/www.steuerkanzlei-kuhn.de\/index.php\/wp-json\/wp\/v2\/types\/page"}],"author":[{"embeddable":true,"href":"https:\/\/www.steuerkanzlei-kuhn.de\/index.php\/wp-json\/wp\/v2\/users\/1"}],"replies":[{"embeddable":true,"href":"https:\/\/www.steuerkanzlei-kuhn.de\/index.php\/wp-json\/wp\/v2\/comments?post=132"}],"version-history":[{"count":8,"href":"https:\/\/www.steuerkanzlei-kuhn.de\/index.php\/wp-json\/wp\/v2\/pages\/132\/revisions"}],"predecessor-version":[{"id":298,"href":"https:\/\/www.steuerkanzlei-kuhn.de\/index.php\/wp-json\/wp\/v2\/pages\/132\/revisions\/298"}],"up":[{"embeddable":true,"href":"https:\/\/www.steuerkanzlei-kuhn.de\/index.php\/wp-json\/wp\/v2\/pages\/26"}],"wp:attachment":[{"href":"https:\/\/www.steuerkanzlei-kuhn.de\/index.php\/wp-json\/wp\/v2\/media?parent=132"}],"curies":[{"name":"wp","href":"https:\/\/api.w.org\/{rel}","templated":true}]}}