{"id":134,"date":"2015-05-21T13:45:59","date_gmt":"2015-05-21T13:45:59","guid":{"rendered":"http:\/\/kuhn.ca041.calcit.fastwebserver.de\/?page_id=134"},"modified":"2015-09-24T11:42:35","modified_gmt":"2015-09-24T11:42:35","slug":"netzwerk","status":"publish","type":"page","link":"https:\/\/www.steuerkanzlei-kuhn.de\/index.php\/service-versprechen\/netzwerk\/","title":{"rendered":"Netzwerk"},"content":{"rendered":"<p>Wir k\u00f6nnen auf ein breites Netzwerk von Fachleuten zur\u00fcck greifen.<\/p>\n<p>Durch Zusammenarbeit mit kooperierenden Rechtsanw\u00e4lten und Notaren begleiten wir Sie und Ihr Unternehmen in allen Lebens- und Unternehmensphasen.<\/p>\n<p>Oft ist es nur wichtig den richtigen Ansprechpartner zu kennen, f\u00fcr ein spezielles Problem.<\/p>\n","protected":false},"excerpt":{"rendered":"<p>Wir k\u00f6nnen auf ein breites Netzwerk von Fachleuten zur\u00fcck greifen. Durch Zusammenarbeit mit kooperierenden Rechtsanw\u00e4lten und Notaren begleiten wir Sie und Ihr Unternehmen in allen Lebens- und Unternehmensphasen. Oft ist.. <a href=\"https:\/\/www.steuerkanzlei-kuhn.de\/index.php\/service-versprechen\/netzwerk\/\" class=\"readmore\">read more<\/a><\/p>\n","protected":false},"author":1,"featured_media":0,"parent":26,"menu_order":0,"comment_status":"open","ping_status":"closed","template":"","meta":{"footnotes":""},"aioseo_notices":[],"_links":{"self":[{"href":"https:\/\/www.steuerkanzlei-kuhn.de\/index.php\/wp-json\/wp\/v2\/pages\/134"}],"collection":[{"href":"https:\/\/www.steuerkanzlei-kuhn.de\/index.php\/wp-json\/wp\/v2\/pages"}],"about":[{"href":"https:\/\/www.steuerkanzlei-kuhn.de\/index.php\/wp-json\/wp\/v2\/types\/page"}],"author":[{"embeddable":true,"href":"https:\/\/www.steuerkanzlei-kuhn.de\/index.php\/wp-json\/wp\/v2\/users\/1"}],"replies":[{"embeddable":true,"href":"https:\/\/www.steuerkanzlei-kuhn.de\/index.php\/wp-json\/wp\/v2\/comments?post=134"}],"version-history":[{"count":3,"href":"https:\/\/www.steuerkanzlei-kuhn.de\/index.php\/wp-json\/wp\/v2\/pages\/134\/revisions"}],"predecessor-version":[{"id":332,"href":"https:\/\/www.steuerkanzlei-kuhn.de\/index.php\/wp-json\/wp\/v2\/pages\/134\/revisions\/332"}],"up":[{"embeddable":true,"href":"https:\/\/www.steuerkanzlei-kuhn.de\/index.php\/wp-json\/wp\/v2\/pages\/26"}],"wp:attachment":[{"href":"https:\/\/www.steuerkanzlei-kuhn.de\/index.php\/wp-json\/wp\/v2\/media?parent=134"}],"curies":[{"name":"wp","href":"https:\/\/api.w.org\/{rel}","templated":true}]}}