{"id":146,"date":"2015-05-21T13:47:40","date_gmt":"2015-05-21T13:47:40","guid":{"rendered":"http:\/\/kuhn.ca041.calcit.fastwebserver.de\/?page_id=146"},"modified":"2015-09-24T11:43:10","modified_gmt":"2015-09-24T11:43:10","slug":"formular-text","status":"publish","type":"page","link":"https:\/\/www.steuerkanzlei-kuhn.de\/index.php\/ihr-feedback\/formular-text\/","title":{"rendered":"Formular + Text"},"content":{"rendered":"<p>Nur wer seine St\u00e4rken und Schw\u00e4chen kennt kann sich weiterentwickeln. Darum geben Sie uns Ihr Feedback. Jedes Feedback ist uns wichtig und gelangt direkt und vertraulich an die Kanzleiinhaber. Bitte geben Sie uns die Chance uns stetig zu verbessern. Sollten Sie \u00fcber etwas nicht vollkommen zufrieden sein, lassen Sie es uns wissen.<\/p>\n<p>Nat\u00fcrlich freuen wir uns auch \u00fcber positive Feedbacks. Empfehlen Sie uns an Freunde und Bekannte weiter, ist das f\u00fcr uns das sch\u00f6nste Feedback, f\u00fcr das wir uns mit einem kleinen Geschenk bei Ihnen bedanken m\u00f6chten.<\/p>\n<p>-&gt; Feedback-Formular<\/p>\n<p>Ihr Feedback:<\/p>\n<p>&nbsp;<\/p>\n","protected":false},"excerpt":{"rendered":"<p>Nur wer seine St\u00e4rken und Schw\u00e4chen kennt kann sich weiterentwickeln. Darum geben Sie uns Ihr Feedback. Jedes Feedback ist uns wichtig und gelangt direkt und vertraulich an die Kanzleiinhaber. Bitte.. <a href=\"https:\/\/www.steuerkanzlei-kuhn.de\/index.php\/ihr-feedback\/formular-text\/\" class=\"readmore\">read more<\/a><\/p>\n","protected":false},"author":1,"featured_media":0,"parent":48,"menu_order":0,"comment_status":"open","ping_status":"closed","template":"","meta":{"footnotes":""},"aioseo_notices":[],"_links":{"self":[{"href":"https:\/\/www.steuerkanzlei-kuhn.de\/index.php\/wp-json\/wp\/v2\/pages\/146"}],"collection":[{"href":"https:\/\/www.steuerkanzlei-kuhn.de\/index.php\/wp-json\/wp\/v2\/pages"}],"about":[{"href":"https:\/\/www.steuerkanzlei-kuhn.de\/index.php\/wp-json\/wp\/v2\/types\/page"}],"author":[{"embeddable":true,"href":"https:\/\/www.steuerkanzlei-kuhn.de\/index.php\/wp-json\/wp\/v2\/users\/1"}],"replies":[{"embeddable":true,"href":"https:\/\/www.steuerkanzlei-kuhn.de\/index.php\/wp-json\/wp\/v2\/comments?post=146"}],"version-history":[{"count":5,"href":"https:\/\/www.steuerkanzlei-kuhn.de\/index.php\/wp-json\/wp\/v2\/pages\/146\/revisions"}],"predecessor-version":[{"id":377,"href":"https:\/\/www.steuerkanzlei-kuhn.de\/index.php\/wp-json\/wp\/v2\/pages\/146\/revisions\/377"}],"up":[{"embeddable":true,"href":"https:\/\/www.steuerkanzlei-kuhn.de\/index.php\/wp-json\/wp\/v2\/pages\/48"}],"wp:attachment":[{"href":"https:\/\/www.steuerkanzlei-kuhn.de\/index.php\/wp-json\/wp\/v2\/media?parent=146"}],"curies":[{"name":"wp","href":"https:\/\/api.w.org\/{rel}","templated":true}]}}