{"id":2,"date":"2015-01-26T14:39:39","date_gmt":"2015-01-26T14:39:39","guid":{"rendered":"http:\/\/kuhn.ca041.calcit.fastwebserver.de\/?page_id=2"},"modified":"2026-01-08T13:27:13","modified_gmt":"2026-01-08T13:27:13","slug":"beispiel-seite","status":"publish","type":"page","link":"https:\/\/www.steuerkanzlei-kuhn.de\/","title":{"rendered":"Start"},"content":{"rendered":"<h1><a href=\"https:\/\/www.steuerkanzlei-kuhn.de\/index.php\/kanzlei\/philosophie\/\">Pers\u00f6nlich.<\/a>\u00a0\u00a0\u00a0 <a href=\"https:\/\/www.steuerkanzlei-kuhn.de\/index.php\/kanzlei\/philosophie\/\">Kompetent.<\/a>\u00a0\u00a0\u00a0 <a href=\"https:\/\/www.steuerkanzlei-kuhn.de\/index.php\/kanzlei\/philosophie\/\">Verl\u00e4sslich.<\/a><\/h1>\n<p style=\"text-align: left;\"><strong>Ihre Steuerberater seit 1970 in Schifferstadt &#8211; in dritter Generation &#8211; seit \u00fcber 55 Jahren<\/strong><\/p>\n<p>Wir bieten Ihnen neben den klassischen Leistungen wie Lohnbuchhaltung, Finanzbuchhaltung, Jahresabschluss und Einkommensteuer auch umfassende betriebswirtschaftliche Beratung.<\/p>\n<p style=\"text-align: left;\">Lernen Sie uns unverbindlich kennen!<\/p>\n<p>Vereinbaren Sie mit uns ein unverbindliches und kostenfreies Kennenlerngespr\u00e4ch telefonisch unter +49 6235 7061 oder per E-Mail an <a href=\"mailto:info@steuerkanzlei-kuhn.de\">info@steuerkanzlei-kuhn.de<\/a>.<\/p>\n<p><img loading=\"lazy\" decoding=\"async\" class=\"alignleft wp-image-2080\" src=\"https:\/\/www.steuerkanzlei-kuhn.de\/wp-content\/uploads\/2020\/06\/TOP-Steuerberater-2020-1-300x283.jpg\" alt=\"\" width=\"400\" height=\"377\" srcset=\"https:\/\/www.steuerkanzlei-kuhn.de\/wp-content\/uploads\/2020\/06\/TOP-Steuerberater-2020-1-300x283.jpg 300w, https:\/\/www.steuerkanzlei-kuhn.de\/wp-content\/uploads\/2020\/06\/TOP-Steuerberater-2020-1-768x725.jpg 768w, https:\/\/www.steuerkanzlei-kuhn.de\/wp-content\/uploads\/2020\/06\/TOP-Steuerberater-2020-1-600x566.jpg 600w, https:\/\/www.steuerkanzlei-kuhn.de\/wp-content\/uploads\/2020\/06\/TOP-Steuerberater-2020-1.jpg 871w\" sizes=\"(max-width: 400px) 100vw, 400px\" \/><\/p>\n<p><br class=\"clear\" \/><div class=\"su-column su-column-size-1-3\"><div class=\"su-column-inner su-u-clearfix su-u-trim\">\n<h4>Existenzgr\u00fcndung<\/h4>\n<p>F\u00fcr einen erfolgreichen Start in die Selbst\u00e4ndigkeit gibt es viele Dinge zu beachten und zu erledigen.<\/p>\n<p><a href=\"https:\/\/www.steuerkanzlei-kuhn.de\/index.php\/leistungen\/existenzgruendungsberatung\/\" target=\"_self\" class=\"button default medium \">Wir begleiten Sie &gt;<\/a> <\/div><\/div> <div class=\"su-column su-column-size-1-3\"><div class=\"su-column-inner su-u-clearfix su-u-trim\">\n<h4>Service-Versprechen<\/h4>\n<p>Bei uns stehen Sie im Mittelpunkt. Wir h\u00f6ren Ihnen zu und finden individuelle L\u00f6sungen f\u00fcr Sie.<\/p>\n<p><a href=\"https:\/\/www.steuerkanzlei-kuhn.de\/index.php\/service-versprechen\/\" target=\"_self\" class=\"button default medium \">\u00dcberzeugen Sie sich &gt;<\/a> <\/div><\/div> <div class=\"su-column su-column-size-1-3\"><div class=\"su-column-inner su-u-clearfix su-u-trim\">\n<h4>Digitale Buchf\u00fchrung<\/h4>\n<p>Durch digitalen Belegaustausch zwischen Ihrem Unternehmen und unserer Kanzlei erleichtern Sie Ihre t\u00e4gliche B\u00fcroarbeit.<\/p>\n<p><a href=\"https:\/\/www.steuerkanzlei-kuhn.de\/index.php\/leistungen\/digitale-buchfuehrung\/\" target=\"_self\" class=\"button default medium \">Erfahren Sie mehr &gt;<\/a> <\/div><\/div>\n<br class=\"clear\" \/><br class=\"clear\" \/><\/p>\n<h4>Aktuelles<\/h4>\n<hr align=\"left\" width=\"95%;\" \/>\n<div class=\"post hentry ivycat-post\"><span class=\"pip-not-found\"><\/span><\/div>\n<p><a href=\"https:\/\/www.steuerkanzlei-kuhn.de\/index.php\/beitraege-uebersicht\/\"><i class=\"fa fa-chevron-right\"><\/i> alle Beitr\u00e4ge<\/a><\/p>\n","protected":false},"excerpt":{"rendered":"<p>Pers\u00f6nlich.\u00a0\u00a0\u00a0 Kompetent.\u00a0\u00a0\u00a0 Verl\u00e4sslich. Ihre Steuerberater seit 1970 in Schifferstadt &#8211; in dritter Generation &#8211; seit \u00fcber 55 Jahren Wir bieten Ihnen neben den klassischen Leistungen wie Lohnbuchhaltung, Finanzbuchhaltung, Jahresabschluss und.. <a href=\"https:\/\/www.steuerkanzlei-kuhn.de\/\" class=\"readmore\">read more<\/a><\/p>\n","protected":false},"author":1,"featured_media":0,"parent":0,"menu_order":0,"comment_status":"open","ping_status":"closed","template":"page-home.php","meta":{"footnotes":""},"aioseo_notices":[],"_links":{"self":[{"href":"https:\/\/www.steuerkanzlei-kuhn.de\/index.php\/wp-json\/wp\/v2\/pages\/2"}],"collection":[{"href":"https:\/\/www.steuerkanzlei-kuhn.de\/index.php\/wp-json\/wp\/v2\/pages"}],"about":[{"href":"https:\/\/www.steuerkanzlei-kuhn.de\/index.php\/wp-json\/wp\/v2\/types\/page"}],"author":[{"embeddable":true,"href":"https:\/\/www.steuerkanzlei-kuhn.de\/index.php\/wp-json\/wp\/v2\/users\/1"}],"replies":[{"embeddable":true,"href":"https:\/\/www.steuerkanzlei-kuhn.de\/index.php\/wp-json\/wp\/v2\/comments?post=2"}],"version-history":[{"count":193,"href":"https:\/\/www.steuerkanzlei-kuhn.de\/index.php\/wp-json\/wp\/v2\/pages\/2\/revisions"}],"predecessor-version":[{"id":2251,"href":"https:\/\/www.steuerkanzlei-kuhn.de\/index.php\/wp-json\/wp\/v2\/pages\/2\/revisions\/2251"}],"wp:attachment":[{"href":"https:\/\/www.steuerkanzlei-kuhn.de\/index.php\/wp-json\/wp\/v2\/media?parent=2"}],"curies":[{"name":"wp","href":"https:\/\/api.w.org\/{rel}","templated":true}]}}