{"id":414,"date":"2015-09-04T15:55:33","date_gmt":"2015-09-04T15:55:33","guid":{"rendered":"http:\/\/kuhn.ca041.calcit.fastwebserver.de\/?page_id=414"},"modified":"2026-01-08T13:51:08","modified_gmt":"2026-01-08T13:51:08","slug":"digitale-buchfuehrung","status":"publish","type":"page","link":"https:\/\/www.steuerkanzlei-kuhn.de\/index.php\/leistungen\/digitale-buchfuehrung\/","title":{"rendered":"Digitale Buchf\u00fchrung"},"content":{"rendered":"<p><strong>DATEV Unternehmen online &#8211; Die moderne Form der Buchf\u00fchrung<\/strong><\/p>\n<p><a href=\"https:\/\/www.datev.de\/web\/de\/steuerberatung\/loesungen\/rechnungswesen\/belege-und-daten-digital-in-die-kanzlei-uebertragen\/digital-zusammenarbeiten\">www.datev.de\/&#8230;\/digital-zusammenarbeiten<\/a><\/p>\n<p><strong>Erleichtern Sie Ihre t\u00e4glich anfallende B\u00fcroarbeit:<\/strong><\/p>\n<ul>\n<li style=\"list-style-type: none;\">\n<ul>\n<ul class=\"list check\"><\/ul>\n<\/li>\n<\/ul>\n<ul>\n<li>Ihre Belege bleiben im Unternehmen, Ihr Steuerberater greift in der DATEV-Cloud darauf zu<\/li>\n<li>Kein Austausch von Papierbelegen mit der Kanzlei mehr n\u00f6tig, die bisher ben\u00f6tigte Zeit f\u00fcr Belege bringen und holen entf\u00e4llt<\/li>\n<li>Betriebswirtschaftliche Auswertung und elektronisch archivierte Belege sind jederzeit in DATEV Unternehmen Online f\u00fcr Sie in gesch\u00fctztem Bereich einsehbar<\/li>\n<li>Aktuelle Zahlen Ihres Unternehmens (w\u00f6chentliche Verbuchung m\u00f6glich) mit offener Posten-Liste<\/li>\n<li>Kein Medienbruch mehr &#8211; erhalten Sie Rechnungen elektronisch werden diese elektronisch von uns weiterverarbeitet<\/li>\n<\/ul>\n<p><strong>Ablauf:<\/strong><\/p>\n<p>Belege auf Papier (z. B. Eingangs- und Ausgangsrechnungen) werden von Ihnen gescannt oder per Smartphone abfotografiert und an DATEV Unternehmen online gesendet. Papierlose digitale Belege f\u00fcr die Buchf\u00fchrung k\u00f6nnen direkt in der Cloud-Anwendung DATEV Unternehmen online von Ihnen \u00fcber einen Beleg-Upload bereitgestellt werden.<\/p>\n<p>Wir k\u00f6nnen wie Sie auch jederzeit die Belege in der Cloud einsehen und auf diese zugreifen. Auf dieser Basis erledigen wir Ihre Finanzbuchf\u00fchrung.<\/p>\n<p>Haben wir die Buchf\u00fchrung f\u00fcr eine Periode abgeschlossen, werden Sie benachrichtigt, dass neue Zahlen im DATEV Unternehmen online f\u00fcr Sie einsehbar sind.<\/p>\n<p><strong>Weitere zus\u00e4tzliche Anwendungen von DATEV Unternehmen online:<\/strong><\/p>\n<ul>\n<li style=\"list-style-type: none;\">\n<ul>\n<ul class=\"list check\"><\/ul>\n<\/ul>\n<\/li>\n<\/ul>\n<ul>\n<li>\u00dcberweisungen und Lastschriften \u00fcber DATEV Unternehmen online<\/li>\n<li>Kassenbuch Online<\/li>\n<li>Lohnauswertungen Online<\/li>\n<li>Auftrags- und Rechnungserstellung Online<\/li>\n<\/ul>\n<\/ul>\n<p><strong>Mehr Infos sowie Videos zur digitalen Zusammenarbeit unter:<\/strong><\/p>\n<p><a href=\"https:\/\/www.datev.de\/web\/de\/steuerberatung\/loesungen\/rechnungswesen\/belege-und-daten-digital-in-die-kanzlei-uebertragen\/digital-zusammenarbeiten\">www.datev.de\/&#8230;\/digital-zusammenarbeiten<\/a><\/p>\n","protected":false},"excerpt":{"rendered":"<p>DATEV Unternehmen online &#8211; Die moderne Form der Buchf\u00fchrung www.datev.de\/&#8230;\/digital-zusammenarbeiten Erleichtern Sie Ihre t\u00e4glich anfallende B\u00fcroarbeit: Ihre Belege bleiben im Unternehmen, Ihr Steuerberater greift in der DATEV-Cloud darauf zu Kein.. <a href=\"https:\/\/www.steuerkanzlei-kuhn.de\/index.php\/leistungen\/digitale-buchfuehrung\/\" class=\"readmore\">read more<\/a><\/p>\n","protected":false},"author":1,"featured_media":0,"parent":24,"menu_order":0,"comment_status":"open","ping_status":"closed","template":"","meta":{"footnotes":""},"aioseo_notices":[],"_links":{"self":[{"href":"https:\/\/www.steuerkanzlei-kuhn.de\/index.php\/wp-json\/wp\/v2\/pages\/414"}],"collection":[{"href":"https:\/\/www.steuerkanzlei-kuhn.de\/index.php\/wp-json\/wp\/v2\/pages"}],"about":[{"href":"https:\/\/www.steuerkanzlei-kuhn.de\/index.php\/wp-json\/wp\/v2\/types\/page"}],"author":[{"embeddable":true,"href":"https:\/\/www.steuerkanzlei-kuhn.de\/index.php\/wp-json\/wp\/v2\/users\/1"}],"replies":[{"embeddable":true,"href":"https:\/\/www.steuerkanzlei-kuhn.de\/index.php\/wp-json\/wp\/v2\/comments?post=414"}],"version-history":[{"count":59,"href":"https:\/\/www.steuerkanzlei-kuhn.de\/index.php\/wp-json\/wp\/v2\/pages\/414\/revisions"}],"predecessor-version":[{"id":2259,"href":"https:\/\/www.steuerkanzlei-kuhn.de\/index.php\/wp-json\/wp\/v2\/pages\/414\/revisions\/2259"}],"up":[{"embeddable":true,"href":"https:\/\/www.steuerkanzlei-kuhn.de\/index.php\/wp-json\/wp\/v2\/pages\/24"}],"wp:attachment":[{"href":"https:\/\/www.steuerkanzlei-kuhn.de\/index.php\/wp-json\/wp\/v2\/media?parent=414"}],"curies":[{"name":"wp","href":"https:\/\/api.w.org\/{rel}","templated":true}]}}