{"id":48,"date":"2015-05-21T08:15:24","date_gmt":"2015-05-21T08:15:24","guid":{"rendered":"http:\/\/kuhn.ca041.calcit.fastwebserver.de\/?page_id=48"},"modified":"2018-06-21T07:12:10","modified_gmt":"2018-06-21T07:12:10","slug":"ihr-feedback","status":"publish","type":"page","link":"https:\/\/www.steuerkanzlei-kuhn.de\/index.php\/ihr-feedback\/","title":{"rendered":"Ihr Feedback"},"content":{"rendered":"<p>Nur wer seine St\u00e4rken und Schw\u00e4chen kennt kann sich weiterentwickeln. Darum freuen wir uns auf Ihr Feedback.<\/p>\n<p>Jedes Feedback ist uns wichtig und gelangt direkt und vertraulich an die Kanzleiinhaber. Bitte geben Sie uns die Chance uns stetig zu verbessern. Sollten Sie \u00fcber etwas nicht vollkommen zufrieden sein, lassen Sie es uns wissen.<\/p>\n<p>Nat\u00fcrlich lesen wir auch gerne positive Feedbacks. Empfehlen Sie uns an Gesch\u00e4ftspartner, Freunde oder Bekannte weiter, ist das f\u00fcr uns das sch\u00f6nste Feedback, f\u00fcr das wir uns mit einem kleinen Geschenk bei Ihnen bedanken m\u00f6chten.<\/p>\n<p>Ihr Feedback:<\/p>\n<div class=\"wpforms-container wpforms-container-full\" id=\"wpforms-1681\"><form id=\"wpforms-form-1681\" class=\"wpforms-validate wpforms-form\" data-formid=\"1681\" method=\"post\" enctype=\"multipart\/form-data\" action=\"\/index.php\/wp-json\/wp\/v2\/pages\/48\" data-token=\"25d3770bf56dfa11aa3b33939730fdb3\"><noscript class=\"wpforms-error-noscript\">Bitte aktivieren Sie JavaScript in Ihrem Browser, um dieses Formular fertigzustellen.<\/noscript><div class=\"wpforms-field-container\"><div id=\"wpforms-1681-field_0-container\" class=\"wpforms-field wpforms-field-name\" data-field-id=\"0\"><label class=\"wpforms-field-label\" for=\"wpforms-1681-field_0\">Vor- \/ Nachname <span class=\"wpforms-required-label\">*<\/span><\/label><input type=\"text\" id=\"wpforms-1681-field_0\" class=\"wpforms-field-medium wpforms-field-required\" name=\"wpforms[fields][0]\" required><\/div><div id=\"wpforms-1681-field_1-container\" class=\"wpforms-field wpforms-field-email\" data-field-id=\"1\"><label class=\"wpforms-field-label\" for=\"wpforms-1681-field_1\">Email <span class=\"wpforms-required-label\">*<\/span><\/label><input type=\"email\" id=\"wpforms-1681-field_1\" class=\"wpforms-field-medium wpforms-field-required\" name=\"wpforms[fields][1]\" spellcheck=\"false\" required><\/div><div id=\"wpforms-1681-field_4-container\" class=\"wpforms-field wpforms-field-text\" data-field-id=\"4\"><label class=\"wpforms-field-label\" for=\"wpforms-1681-field_4\">Telefon<\/label><input type=\"text\" id=\"wpforms-1681-field_4\" class=\"wpforms-field-medium\" name=\"wpforms[fields][4]\" ><\/div><div id=\"wpforms-1681-field_2-container\" class=\"wpforms-field wpforms-field-textarea\" data-field-id=\"2\"><label class=\"wpforms-field-label\" for=\"wpforms-1681-field_2\">Ihr Feedback <span class=\"wpforms-required-label\">*<\/span><\/label><textarea id=\"wpforms-1681-field_2\" class=\"wpforms-field-medium wpforms-field-required\" name=\"wpforms[fields][2]\" required><\/textarea><\/div><div id=\"wpforms-1681-field_7-container\" class=\"wpforms-field wpforms-field-checkbox\" data-field-id=\"7\"><label class=\"wpforms-field-label\" for=\"wpforms-1681-field_7\">Datenschutzhinweis <span class=\"wpforms-required-label\">*<\/span><\/label><ul id=\"wpforms-1681-field_7\" class=\"wpforms-field-required\"><li class=\"choice-1 depth-1\"><input type=\"checkbox\" id=\"wpforms-1681-field_7_1\" name=\"wpforms[fields][7][]\" value=\"Ja, ich habe die &lt;a href=&quot;https:\/\/www.steuerkanzlei-kuhn.de\/index.php\/kontakt\/datenschutz\/&quot;&gt;Datenschutzerkl\u00e4rung&lt;\/a&gt; zur Kenntnis genommen und bin damit einverstanden, da\u00df die von mir angegeben Daten elektronisch erhoben und gespeichert werden. Meine Daten werden dabei nur streng zweckgebunden zur Bearbeitung und Beantwortung meiner Anfrage genutzt.*\" required ><label class=\"wpforms-field-label-inline\" for=\"wpforms-1681-field_7_1\">Ja, ich habe die <a href=\"https:\/\/www.steuerkanzlei-kuhn.de\/index.php\/kontakt\/datenschutz\/\">Datenschutzerkl\u00e4rung<\/a> zur Kenntnis genommen und bin damit einverstanden, da\u00df die von mir angegeben Daten elektronisch erhoben und gespeichert werden. Meine Daten werden dabei nur streng zweckgebunden zur Bearbeitung und Beantwortung meiner Anfrage genutzt.*<\/label><\/li><\/ul><\/div><\/div><!-- .wpforms-field-container --><div class=\"wpforms-field wpforms-field-hp\"><label for=\"wpforms-1681-field-hp\" class=\"wpforms-field-label\">Phone<\/label><input type=\"text\" name=\"wpforms[hp]\" id=\"wpforms-1681-field-hp\" class=\"wpforms-field-medium\"><\/div><div class=\"wpforms-recaptcha-container wpforms-is-recaptcha wpforms-is-recaptcha-type-v2\" ><div class=\"g-recaptcha\" data-sitekey=\"6LfdWFodAAAAAH1dN5bay0su4Zrak-LBRUKpUxUB\"><\/div><input type=\"text\" name=\"g-recaptcha-hidden\" class=\"wpforms-recaptcha-hidden\" style=\"position:absolute!important;clip:rect(0,0,0,0)!important;height:1px!important;width:1px!important;border:0!important;overflow:hidden!important;padding:0!important;margin:0!important;\" data-rule-recaptcha=\"1\"><\/div><div class=\"wpforms-submit-container\" ><input type=\"hidden\" name=\"wpforms[id]\" value=\"1681\"><input type=\"hidden\" name=\"wpforms[author]\" value=\"1\"><button type=\"submit\" name=\"wpforms[submit]\" id=\"wpforms-submit-1681\" class=\"wpforms-submit\" data-alt-text=\"Sending...\" data-submit-text=\"Senden\" aria-live=\"assertive\" value=\"wpforms-submit\">Senden<\/button><\/div><input type=\"hidden\" id=\"ct_checkjs_wpforms_d1fe173d08e959397adf34b1d77e88d7\" name=\"ct_checkjs_wpforms\" value=\"0\" \/><\/form><\/div>  <!-- .wpforms-container -->\n","protected":false},"excerpt":{"rendered":"<p>Nur wer seine St\u00e4rken und Schw\u00e4chen kennt kann sich weiterentwickeln. Darum freuen wir uns auf Ihr Feedback. Jedes Feedback ist uns wichtig und gelangt direkt und vertraulich an die Kanzleiinhaber&#8230; <a href=\"https:\/\/www.steuerkanzlei-kuhn.de\/index.php\/ihr-feedback\/\" class=\"readmore\">read more<\/a><\/p>\n","protected":false},"author":1,"featured_media":0,"parent":0,"menu_order":0,"comment_status":"open","ping_status":"closed","template":"","meta":{"footnotes":""},"aioseo_notices":[],"_links":{"self":[{"href":"https:\/\/www.steuerkanzlei-kuhn.de\/index.php\/wp-json\/wp\/v2\/pages\/48"}],"collection":[{"href":"https:\/\/www.steuerkanzlei-kuhn.de\/index.php\/wp-json\/wp\/v2\/pages"}],"about":[{"href":"https:\/\/www.steuerkanzlei-kuhn.de\/index.php\/wp-json\/wp\/v2\/types\/page"}],"author":[{"embeddable":true,"href":"https:\/\/www.steuerkanzlei-kuhn.de\/index.php\/wp-json\/wp\/v2\/users\/1"}],"replies":[{"embeddable":true,"href":"https:\/\/www.steuerkanzlei-kuhn.de\/index.php\/wp-json\/wp\/v2\/comments?post=48"}],"version-history":[{"count":7,"href":"https:\/\/www.steuerkanzlei-kuhn.de\/index.php\/wp-json\/wp\/v2\/pages\/48\/revisions"}],"predecessor-version":[{"id":1682,"href":"https:\/\/www.steuerkanzlei-kuhn.de\/index.php\/wp-json\/wp\/v2\/pages\/48\/revisions\/1682"}],"wp:attachment":[{"href":"https:\/\/www.steuerkanzlei-kuhn.de\/index.php\/wp-json\/wp\/v2\/media?parent=48"}],"curies":[{"name":"wp","href":"https:\/\/api.w.org\/{rel}","templated":true}]}}