{"id":503,"date":"2015-09-19T14:17:55","date_gmt":"2015-09-19T14:17:55","guid":{"rendered":"http:\/\/kuhn.ca041.calcit.fastwebserver.de\/?page_id=503"},"modified":"2016-04-22T08:11:48","modified_gmt":"2016-04-22T08:11:48","slug":"beratung-fuer-handwerker","status":"publish","type":"page","link":"https:\/\/www.steuerkanzlei-kuhn.de\/index.php\/beratung-fuer-handwerker\/","title":{"rendered":"Beratung f\u00fcr Handwerker"},"content":{"rendered":"<blockquote><p>Konzentrieren Sie sich auf Ihr Handwerk, wir k\u00fcmmern uns soweit wie m\u00f6glich um die l\u00e4stige und zeitraubende B\u00fcrokratie.<\/p><\/blockquote>\n<p>Wir betreuen Handwerker verschiedenster Gewerke und kennen die steuerlichen Besonderheiten ebenso wie die zunehmenden b\u00fcrokratischen Anforderungen an die Handwerksbetriebe.<\/p>\n<p>Das h\u00e4ufig auftragbezogene und saisonale Handwerksgesch\u00e4ft erfordert eine vorausschauende Liquidit\u00e4ts- und Investitionsplanung. Gerne rechnen wir Ihnen unterj\u00e4hrig die voraussichtliche Steuerlast hoch, sodass gen\u00fcgend Liquidit\u00e4t bei F\u00e4lligkeit der Steuerzahlungen vorhanden ist.<\/p>\n<p>Dar\u00fcber hinaus beraten wir Sie unter anderem zu den Besonderheiten der Umkehr der Steuerschuldnerschaft nach \u00a7 13b UStG (insbesondere Bauleistungen), zur Steuererm\u00e4\u00dfigung f\u00fcr Handwerkerleistungen nach \u00a7 35a EStG und zur Bauabzugssteuer nach \u00a7 48b EStG.<\/p>\n<p>Wir rechnen f\u00fcr Sie auch Ihre Baul\u00f6hne ab einschlie\u00dflich Sozialkasse bzw. Winterbauumlage.<\/p>\n<p>Zu den von uns betreuten Mandaten z\u00e4hlen Unternehmer aus den unterschiedlichsten Gewerken und Handwerksberufen.<\/p>\n","protected":false},"excerpt":{"rendered":"<p>Konzentrieren Sie sich auf Ihr Handwerk, wir k\u00fcmmern uns soweit wie m\u00f6glich um die l\u00e4stige und zeitraubende B\u00fcrokratie. Wir betreuen Handwerker verschiedenster Gewerke und kennen die steuerlichen Besonderheiten ebenso wie.. <a href=\"https:\/\/www.steuerkanzlei-kuhn.de\/index.php\/beratung-fuer-handwerker\/\" class=\"readmore\">read more<\/a><\/p>\n","protected":false},"author":1,"featured_media":0,"parent":0,"menu_order":0,"comment_status":"closed","ping_status":"closed","template":"","meta":{"footnotes":""},"aioseo_notices":[],"_links":{"self":[{"href":"https:\/\/www.steuerkanzlei-kuhn.de\/index.php\/wp-json\/wp\/v2\/pages\/503"}],"collection":[{"href":"https:\/\/www.steuerkanzlei-kuhn.de\/index.php\/wp-json\/wp\/v2\/pages"}],"about":[{"href":"https:\/\/www.steuerkanzlei-kuhn.de\/index.php\/wp-json\/wp\/v2\/types\/page"}],"author":[{"embeddable":true,"href":"https:\/\/www.steuerkanzlei-kuhn.de\/index.php\/wp-json\/wp\/v2\/users\/1"}],"replies":[{"embeddable":true,"href":"https:\/\/www.steuerkanzlei-kuhn.de\/index.php\/wp-json\/wp\/v2\/comments?post=503"}],"version-history":[{"count":11,"href":"https:\/\/www.steuerkanzlei-kuhn.de\/index.php\/wp-json\/wp\/v2\/pages\/503\/revisions"}],"predecessor-version":[{"id":898,"href":"https:\/\/www.steuerkanzlei-kuhn.de\/index.php\/wp-json\/wp\/v2\/pages\/503\/revisions\/898"}],"wp:attachment":[{"href":"https:\/\/www.steuerkanzlei-kuhn.de\/index.php\/wp-json\/wp\/v2\/media?parent=503"}],"curies":[{"name":"wp","href":"https:\/\/api.w.org\/{rel}","templated":true}]}}