{"id":94,"date":"2015-05-21T13:25:13","date_gmt":"2015-05-21T13:25:13","guid":{"rendered":"http:\/\/kuhn.ca041.calcit.fastwebserver.de\/?page_id=94"},"modified":"2023-07-14T09:04:33","modified_gmt":"2023-07-14T09:04:33","slug":"erstellung-privater-steuererklaerungen-fuer-arbeitnehmer-rentner-und-vermieter","status":"publish","type":"page","link":"https:\/\/www.steuerkanzlei-kuhn.de\/index.php\/leistungen\/erstellung-privater-steuererklaerungen-fuer-arbeitnehmer-rentner-und-vermieter\/","title":{"rendered":"Erstellung privater Steuererkl\u00e4rungen f\u00fcr Arbeitnehmer, Beamte, Rentner und Vermieter"},"content":{"rendered":"<blockquote><p>Um eine Steuererkl\u00e4rung abgeben zu k\u00f6nnen, muss man Philosoph sein;<br \/>\nes ist zu schwierig f\u00fcr einen Mathematiker.<br \/>\nAlbert Einstein (1879\u20131955), Nobelpreis-Tr\u00e4ger<\/p><\/blockquote>\n<p>Sparen Sie sich wertvolle Lebenszeit und \u00fcberlassen Sie die Erstellung Ihrer Einkommensteuererkl\u00e4rung besser einem Profi. Egal ob Sie verpflichtet sind eine Steuererkl\u00e4rung abzugeben oder ob Sie Ihre Steuererkl\u00e4rung auf Antrag am Jahresende zur Lohnsteuererstattung abgeben, wir sch\u00f6pfen f\u00fcr Sie alle gesetzlichen Abzugsm\u00f6glichkeiten und Wahlrechte aus um Ihre Steuerlast zu senken.<\/p>\n<p>Das Steuerrecht ist im stetigen Wandel. Gesetze \u00e4ndern sich und es gibt eine regelrechte Flut von Rechtsprechung hierzu. Darum brauchen Sie sich nicht zu k\u00fcmmern, denn Ihr Berater bildet sich f\u00fcr Sie mehrmals im Jahr fort und hat alle Sie betreffenden Neuerungen im Blick. Sei es zum Beispiel Arbeitszimmer, doppelte Haushaltsf\u00fchrung oder erste T\u00e4tigkeitsst\u00e4tte, die jeweiligen Besonderheiten und Abzugsvoraussetzungen kennt Ihr Steuerberater.<\/p>\n<p>Allzu oft haben wir bei Neumandaten, die Ihre Steuererkl\u00e4rung bisher selbst mit dem ELSTER-Programm von der Finanzverwaltung oder einem im Handel erh\u00e4ltlichen Steuerprogramm erledigt haben, die gleiche Erfahrung gemacht. Es wurden zwar viele Dinge die das Programm vorschl\u00e4gt (auch leider viele unn\u00f6tige Eingaben, ohne steuerliche Auswirkung) in der Steuererkl\u00e4rung geltend gemacht, aber hiervon war letztlich oft wenig im eigentlichen Steuerbescheid zu finden bzw. \u00fcbrig geblieben. Auch werden leider manchmal einige andere recht selten zum Ansatz kommende steuerliche Absetzm\u00f6glichkeiten vom Programm nicht vorgeschlagen und daher nicht genutzt und somit Steuersparpotential verschenkt.<\/p>\n<p>Entscheidend ist oft auch eine Pr\u00fcfung des Einkommensteuerbescheides, der f\u00fcr den steuerlichen Laien jedoch nicht immer leicht nachvollziehbar ist. Denn um alle berechtigterweise geltend gemachten Werbungskosten durchzusetzen, ist gegebenenfalls bei einer Abweichung zur Steuererkl\u00e4rung das Einlegen eines Einspruches gegen den Bescheid n\u00f6tig. Die Pr\u00fcfung Ihres Steuerbescheides erbringen wir \u00fcbrigens, da wir diese f\u00fcr sehr wichtig halten, als kostenlosen Service f\u00fcr Sie im Rahmen der Erstellung Ihrer Einkommensteuererkl\u00e4rung.<\/p>\n<p>Gerne stehen wir Ihnen nach Vereinbarung auch au\u00dferhalb unserer regul\u00e4ren Gesch\u00e4ftszeiten zur Verf\u00fcgung, damit Sie sich f\u00fcr Ihre Steuererkl\u00e4rung nicht extra frei nehmen m\u00fcssen.<\/p>\n<p>Gerne arbeiten wir mit Ihnen bei Ihrer Steuererkl\u00e4rung auch rein digital.<\/p>\n<p>Mit DATEV Meine Steuern sammeln und \u00fcbergeben Sie schnell und einfach die f\u00fcr Ihre Steuererkl\u00e4rung ben\u00f6tigten Unterlagen. Dabei stellen Sie Belege entweder direkt \u00fcber die Online-Anwendung DATEV Meine Steuern bereit oder Sie laden sie \u00fcber die kostenfreie App DATEV Upload mobil hoch. Mit wenigen Klicks sind Ihre Unterlagen in der Kanzlei. Die fertige Steuererkl\u00e4rung stellen wir Ihnen dann digital in DATEV Meine Steuern bereit. Unterschreiben k\u00f6nnen Sie diese online mit DATEV Freizeichnung onlin.<\/p>\n<p>So haben Sie alle Steuerunterlagen an einem Ort: von \u00fcberall aufrufbar, digital und sicher in der DATEV-Cloud. Weitere Infos hier.<\/p>\n","protected":false},"excerpt":{"rendered":"<p>Um eine Steuererkl\u00e4rung abgeben zu k\u00f6nnen, muss man Philosoph sein; es ist zu schwierig f\u00fcr einen Mathematiker. Albert Einstein (1879\u20131955), Nobelpreis-Tr\u00e4ger Sparen Sie sich wertvolle Lebenszeit und \u00fcberlassen Sie die.. <a href=\"https:\/\/www.steuerkanzlei-kuhn.de\/index.php\/leistungen\/erstellung-privater-steuererklaerungen-fuer-arbeitnehmer-rentner-und-vermieter\/\" class=\"readmore\">read more<\/a><\/p>\n","protected":false},"author":1,"featured_media":0,"parent":24,"menu_order":0,"comment_status":"open","ping_status":"closed","template":"","meta":{"footnotes":""},"aioseo_notices":[],"_links":{"self":[{"href":"https:\/\/www.steuerkanzlei-kuhn.de\/index.php\/wp-json\/wp\/v2\/pages\/94"}],"collection":[{"href":"https:\/\/www.steuerkanzlei-kuhn.de\/index.php\/wp-json\/wp\/v2\/pages"}],"about":[{"href":"https:\/\/www.steuerkanzlei-kuhn.de\/index.php\/wp-json\/wp\/v2\/types\/page"}],"author":[{"embeddable":true,"href":"https:\/\/www.steuerkanzlei-kuhn.de\/index.php\/wp-json\/wp\/v2\/users\/1"}],"replies":[{"embeddable":true,"href":"https:\/\/www.steuerkanzlei-kuhn.de\/index.php\/wp-json\/wp\/v2\/comments?post=94"}],"version-history":[{"count":42,"href":"https:\/\/www.steuerkanzlei-kuhn.de\/index.php\/wp-json\/wp\/v2\/pages\/94\/revisions"}],"predecessor-version":[{"id":2206,"href":"https:\/\/www.steuerkanzlei-kuhn.de\/index.php\/wp-json\/wp\/v2\/pages\/94\/revisions\/2206"}],"up":[{"embeddable":true,"href":"https:\/\/www.steuerkanzlei-kuhn.de\/index.php\/wp-json\/wp\/v2\/pages\/24"}],"wp:attachment":[{"href":"https:\/\/www.steuerkanzlei-kuhn.de\/index.php\/wp-json\/wp\/v2\/media?parent=94"}],"curies":[{"name":"wp","href":"https:\/\/api.w.org\/{rel}","templated":true}]}}